{"id":10908,"date":"2018-11-29T13:37:09","date_gmt":"2018-11-29T13:37:09","guid":{"rendered":"https:\/\/brains.reinventa.agency\/metodo-brains\/"},"modified":"2022-11-29T16:09:18","modified_gmt":"2022-11-29T16:09:18","slug":"brains-method","status":"publish","type":"page","link":"https:\/\/www.colegiobrains.com\/en\/brains-method\/","title":{"rendered":"The 5 foundations of the Brains Method"},"content":{"rendered":"<p><span style=\"font-weight: 400;\">Our school\u2019s education project focuses on a well-rounded education with our own method: the Brains Method<\/span><\/p>\n","protected":false},"excerpt":{"rendered":"<p>Our school\u2019s education project focuses on a well-rounded education with our own method: the Brains Method<\/p>\n","protected":false},"author":8,"featured_media":6807,"parent":0,"menu_order":42,"comment_status":"closed","ping_status":"closed","template":"","meta":[],"acf":[],"yoast_head":"<!-- This site is optimized with the Yoast SEO plugin v19.10 - https:\/\/yoast.com\/wordpress\/plugins\/seo\/ -->\n<title>El M\u00e9todo Brains - Colegios Brains International School<\/title>\n<meta name=\"description\" content=\"Proyecto Educativo &quot;El M\u00e9todo Brains&quot;: Educaci\u00f3n Internacional, Educaci\u00f3n en Valores, Deporte diario, Innovaci\u00f3n y Formaci\u00f3n acad\u00e9mica \u00fanica. \u00a1Ven a conocernos!\" \/>\n<meta name=\"robots\" content=\"index, follow, max-snippet:-1, max-image-preview:large, max-video-preview:-1\" \/>\n<link rel=\"canonical\" href=\"https:\/\/www.colegiobrains.com\/en\/brains-method\/\" \/>\n<meta property=\"og:locale\" content=\"en_US\" \/>\n<meta property=\"og:type\" content=\"article\" \/>\n<meta property=\"og:title\" content=\"El M\u00e9todo Brains - Colegios Brains International School\" \/>\n<meta property=\"og:description\" content=\"Proyecto Educativo &quot;El M\u00e9todo Brains&quot;: Educaci\u00f3n Internacional, Educaci\u00f3n en Valores, Deporte diario, Innovaci\u00f3n y Formaci\u00f3n acad\u00e9mica \u00fanica. \u00a1Ven a conocernos!\" \/>\n<meta property=\"og:url\" content=\"https:\/\/www.colegiobrains.com\/en\/brains-method\/\" \/>\n<meta property=\"og:site_name\" content=\"Brains International Schools\" \/>\n<meta property=\"article:publisher\" content=\"https:\/\/www.facebook.com\/BrainsInternationalSchool\/\" \/>\n<meta property=\"article:modified_time\" content=\"2022-11-29T16:09:18+00:00\" \/>\n<meta property=\"og:image\" content=\"https:\/\/www.colegiobrains.com\/wp-content\/uploads\/2019\/01\/IMG_0052.jpg\" \/>\n\t<meta property=\"og:image:width\" content=\"2048\" \/>\n\t<meta property=\"og:image:height\" content=\"1536\" \/>\n\t<meta property=\"og:image:type\" content=\"image\/jpeg\" \/>\n<meta name=\"twitter:card\" content=\"summary_large_image\" \/>\n<meta name=\"twitter:site\" content=\"@colegio_brains\" \/>\n<meta name=\"twitter:label1\" content=\"Est. reading time\" \/>\n\t<meta name=\"twitter:data1\" content=\"1 minute\" \/>\n<script type=\"application\/ld+json\" class=\"yoast-schema-graph\">{\"@context\":\"https:\/\/schema.org\",\"@graph\":[{\"@type\":\"WebPage\",\"@id\":\"https:\/\/www.colegiobrains.com\/en\/brains-method\/\",\"url\":\"https:\/\/www.colegiobrains.com\/en\/brains-method\/\",\"name\":\"El M\u00e9todo Brains - Colegios Brains International School\",\"isPartOf\":{\"@id\":\"https:\/\/www.colegiobrains.com\/en\/#website\"},\"datePublished\":\"2018-11-29T13:37:09+00:00\",\"dateModified\":\"2022-11-29T16:09:18+00:00\",\"description\":\"Proyecto Educativo \\\"El M\u00e9todo Brains\\\": Educaci\u00f3n Internacional, Educaci\u00f3n en Valores, Deporte diario, Innovaci\u00f3n y Formaci\u00f3n acad\u00e9mica \u00fanica. \u00a1Ven a conocernos!\",\"breadcrumb\":{\"@id\":\"https:\/\/www.colegiobrains.com\/en\/brains-method\/#breadcrumb\"},\"inLanguage\":\"en-US\",\"potentialAction\":[{\"@type\":\"ReadAction\",\"target\":[\"https:\/\/www.colegiobrains.com\/en\/brains-method\/\"]}]},{\"@type\":\"BreadcrumbList\",\"@id\":\"https:\/\/www.colegiobrains.com\/en\/brains-method\/#breadcrumb\",\"itemListElement\":[{\"@type\":\"ListItem\",\"position\":1,\"name\":\"Portada\",\"item\":\"https:\/\/www.colegiobrains.com\/en\/\"},{\"@type\":\"ListItem\",\"position\":2,\"name\":\"The 5 foundations of the Brains Method\"}]},{\"@type\":\"WebSite\",\"@id\":\"https:\/\/www.colegiobrains.com\/en\/#website\",\"url\":\"https:\/\/www.colegiobrains.com\/en\/\",\"name\":\"Brains International Schools\",\"description\":\"Colegios internacionales en Madrid y Las Palmas.\",\"potentialAction\":[{\"@type\":\"SearchAction\",\"target\":{\"@type\":\"EntryPoint\",\"urlTemplate\":\"https:\/\/www.colegiobrains.com\/en\/?s={search_term_string}\"},\"query-input\":\"required name=search_term_string\"}],\"inLanguage\":\"en-US\"}]}<\/script>\n<!-- \/ Yoast SEO plugin. -->","yoast_head_json":{"title":"El M\u00e9todo Brains - Colegios Brains International School","description":"Proyecto Educativo \"El M\u00e9todo Brains\": Educaci\u00f3n Internacional, Educaci\u00f3n en Valores, Deporte diario, Innovaci\u00f3n y Formaci\u00f3n acad\u00e9mica \u00fanica. \u00a1Ven a conocernos!","robots":{"index":"index","follow":"follow","max-snippet":"max-snippet:-1","max-image-preview":"max-image-preview:large","max-video-preview":"max-video-preview:-1"},"canonical":"https:\/\/www.colegiobrains.com\/en\/brains-method\/","og_locale":"en_US","og_type":"article","og_title":"El M\u00e9todo Brains - Colegios Brains International School","og_description":"Proyecto Educativo \"El M\u00e9todo Brains\": Educaci\u00f3n Internacional, Educaci\u00f3n en Valores, Deporte diario, Innovaci\u00f3n y Formaci\u00f3n acad\u00e9mica \u00fanica. \u00a1Ven a conocernos!","og_url":"https:\/\/www.colegiobrains.com\/en\/brains-method\/","og_site_name":"Brains International Schools","article_publisher":"https:\/\/www.facebook.com\/BrainsInternationalSchool\/","article_modified_time":"2022-11-29T16:09:18+00:00","og_image":[{"width":2048,"height":1536,"url":"https:\/\/www.colegiobrains.com\/wp-content\/uploads\/2019\/01\/IMG_0052.jpg","type":"image\/jpeg"}],"twitter_card":"summary_large_image","twitter_site":"@colegio_brains","twitter_misc":{"Est. reading time":"1 minute"},"schema":{"@context":"https:\/\/schema.org","@graph":[{"@type":"WebPage","@id":"https:\/\/www.colegiobrains.com\/en\/brains-method\/","url":"https:\/\/www.colegiobrains.com\/en\/brains-method\/","name":"El M\u00e9todo Brains - Colegios Brains International School","isPartOf":{"@id":"https:\/\/www.colegiobrains.com\/en\/#website"},"datePublished":"2018-11-29T13:37:09+00:00","dateModified":"2022-11-29T16:09:18+00:00","description":"Proyecto Educativo \"El M\u00e9todo Brains\": Educaci\u00f3n Internacional, Educaci\u00f3n en Valores, Deporte diario, Innovaci\u00f3n y Formaci\u00f3n acad\u00e9mica \u00fanica. \u00a1Ven a conocernos!","breadcrumb":{"@id":"https:\/\/www.colegiobrains.com\/en\/brains-method\/#breadcrumb"},"inLanguage":"en-US","potentialAction":[{"@type":"ReadAction","target":["https:\/\/www.colegiobrains.com\/en\/brains-method\/"]}]},{"@type":"BreadcrumbList","@id":"https:\/\/www.colegiobrains.com\/en\/brains-method\/#breadcrumb","itemListElement":[{"@type":"ListItem","position":1,"name":"Portada","item":"https:\/\/www.colegiobrains.com\/en\/"},{"@type":"ListItem","position":2,"name":"The 5 foundations of the Brains Method"}]},{"@type":"WebSite","@id":"https:\/\/www.colegiobrains.com\/en\/#website","url":"https:\/\/www.colegiobrains.com\/en\/","name":"Brains International Schools","description":"Colegios internacionales en Madrid y Las Palmas.","potentialAction":[{"@type":"SearchAction","target":{"@type":"EntryPoint","urlTemplate":"https:\/\/www.colegiobrains.com\/en\/?s={search_term_string}"},"query-input":"required name=search_term_string"}],"inLanguage":"en-US"}]}},"_links":{"self":[{"href":"https:\/\/www.colegiobrains.com\/en\/wp-json\/wp\/v2\/pages\/10908"}],"collection":[{"href":"https:\/\/www.colegiobrains.com\/en\/wp-json\/wp\/v2\/pages"}],"about":[{"href":"https:\/\/www.colegiobrains.com\/en\/wp-json\/wp\/v2\/types\/page"}],"author":[{"embeddable":true,"href":"https:\/\/www.colegiobrains.com\/en\/wp-json\/wp\/v2\/users\/8"}],"replies":[{"embeddable":true,"href":"https:\/\/www.colegiobrains.com\/en\/wp-json\/wp\/v2\/comments?post=10908"}],"version-history":[{"count":0,"href":"https:\/\/www.colegiobrains.com\/en\/wp-json\/wp\/v2\/pages\/10908\/revisions"}],"wp:featuredmedia":[{"embeddable":true,"href":"https:\/\/www.colegiobrains.com\/en\/wp-json\/wp\/v2\/media\/6807"}],"wp:attachment":[{"href":"https:\/\/www.colegiobrains.com\/en\/wp-json\/wp\/v2\/media?parent=10908"}],"curies":[{"name":"wp","href":"https:\/\/api.w.org\/{rel}","templated":true}]}}