{"id":10950,"date":"2019-04-10T07:55:46","date_gmt":"2019-04-10T07:55:46","guid":{"rendered":"https:\/\/brains.reinventa.agency\/politica-de-uso-y-gestion-de-cookies\/"},"modified":"2022-11-29T12:45:41","modified_gmt":"2022-11-29T12:45:41","slug":"cookie-policy-and-management","status":"publish","type":"page","link":"https:\/\/www.colegiobrains.com\/en\/cookie-policy-and-management\/","title":{"rendered":"Cookie Policy and Managament"},"content":{"rendered":"<p class=\"p1\"><span class=\"s1\">Colegiobrains.com normalmente requiere el uso habilitado de cookies para el correcto funcionamiento de determinados servicios a la hora de mostrar a los usuarios los contenidos de las diferentes p\u00e1ginas de navegaci\u00f3n web.<\/span><\/p>\n<ol class=\"ol1\">\n<li class=\"li3\"><span class=\"s1\"><b>\u00bfQu\u00e9 son Las cookies?<\/b> son peque\u00f1os archivos que contienen programaci\u00f3n de software y que se descargan autom\u00e1ticamente en el ordenador del usuario desde la p\u00e1gina web que est\u00e9 navegando y sirven para gestionar normalmente informaci\u00f3n de su hist\u00f3rico de navegaci\u00f3n desde anteriores webs que hubiera visitado.<\/span><\/li>\n<li class=\"li3\"><span class=\"s1\"><b>\u00bfQu\u00e9 hacen?<\/b> registran informaci\u00f3n para:<\/span><\/li>\n<\/ol>\n<ol class=\"ol1\">\n<li style=\"list-style-type: none;\">\n<ol class=\"ol2\">\n<li class=\"li3\"><span class=\"s1\">Permite que se puedan usar estad\u00edsticas a trav\u00e9s de Google Analytics.<\/span><\/li>\n<li class=\"li3\"><span class=\"s1\">Facilita conocer desde qu\u00e9 tipo de pantalla nos visitan y adaptar autom\u00e1ticamente el contenido a la misma. Por esa raz\u00f3n, si nos visitas desde un smartphone el contenido se ver\u00e1 de diferente modo, al ser una web responsive o adaptable. \u00a1Prueba a girar la pantalla del tel\u00e9fono y ver\u00e1s c\u00f3mo cambia el aspecto!<\/span><\/li>\n<li class=\"li3\"><span class=\"s1\">Nosotros no usamos publicidad desde motores o servidores ajenos, sino que te mostramos nuestros propios dise\u00f1os y contenidos promocionales de los servicios educativos del grupo. Por esta raz\u00f3n, no hacemos una intrusi\u00f3n publicitaria en tu navegaci\u00f3n y tampoco te mostraremos anuncios, por ejemplo, no aparecer\u00e1 un banner de un iPad para que te lo compres y no estar\u00e1 persigui\u00e9ndote ese anuncio por nuestras webs, ya que somos un centro educativo y solo nos interesa que est\u00e9s bien informado de cara a la toma de decisiones sobre cursos, actividades, etc.. propias del colegio.<\/span><\/li>\n<\/ol>\n<\/li>\n<\/ol>\n<ol class=\"ol1\">\n<li class=\"li3\"><span class=\"s1\"><b>\u00bfQu\u00e9 cookies usamos?<\/b><\/span><\/li>\n<\/ol>\n<ul class=\"ul1\">\n<li class=\"li3\"><span class=\"s1\">Google Analytics: Propiedad de Google Inc. Nos da el servicio de an\u00e1lisis de la audiencia de nuestra p\u00e1gina. Esta empresa puede utilizar estos datos para mejorar sus propios servicios y para ofrecer servicios a otras empresas. Puedes conocer esos otros usos desde los enlaces indicados. Esta herramienta no obtiene datos de los nombres o apellidos de los usuarios ni de la direcci\u00f3n postal desde donde se conectan. La informaci\u00f3n que obtiene esta relacionada por ejemplo con el n\u00famero de p\u00e1ginas visitas, el idioma, red social en la que se publican nuestras noticias, la ciudad a la que est\u00e1 asignada la direcci\u00f3n IP desde la que acceden los usuarios, el n\u00famero de usuarios que nos visitan, la frecuencia y reincidencia de las visitas, el tiempo de visita, el navegador que usan, el operador o tipo de terminal desde el que se realiza la visita.<\/span><\/li>\n<li class=\"li3\"><span class=\"s1\">No son exactamente cookies, pero nuestra p\u00e1gina web emplea el uso de enlaces a nuestras redes sociales, con la intenci\u00f3n de que tambi\u00e9n te puedas informar de nuestras actividades escolares y eventos, ampliando as\u00ed nuestra red de informaci\u00f3n para ti y tener un mayor contacto a nuestra comunidad educativa de forma m\u00e1s sencilla y con contenidos multimedia e interactivos.<\/span><\/li>\n<\/ul>\n<ol class=\"ol1\">\n<li class=\"li3\"><b><\/b><span class=\"s1\"><b>Aceptaci\u00f3n de uso de cookies: <\/b> puedes elegir en cualquier momento aceptar o rechazar la instalaci\u00f3n y uso de cookies en tu terminal mediante la configuraci\u00f3n de tu navegador o de las herramientas de privacidad que tengas en tu dispositivo.<\/span>\n<ol class=\"ol2\">\n<li class=\"li3\"><b><\/b><span class=\"s1\">&#8211; Aceptaci\u00f3n. La aceptaci\u00f3n de instalaci\u00f3n de cookies en un momento puntual hace m\u00e1s f\u00e1cil nuestro trabajo de estad\u00edsticas y comprobar que est\u00e1 teniendo m\u00e1s \u00e9xito o no, para que as\u00ed mejoremos nuestros contenidos, pero puedes rechazarlas en el momento que lo desees utilizando la configuraci\u00f3n de tu navegador o bien usando las propias herramientas que te ponemos a disposici\u00f3n.<\/span><\/li>\n<li class=\"li3\"><b><\/b><span class=\"s1\">-Rechazar o eliminar las cookies significa que habr\u00e1 servicios como la personalizaci\u00f3n del contenido en tu pantalla o cosas similares, que no funcionar\u00e1n correctamente y por tanto empeorar\u00e1 tu experiencia de navegaci\u00f3n por nuestra web. Para permitir, conocer, bloquear o eliminar las cookies instaladas en tu equipo puedes hacerlo mediante la configuraci\u00f3n de las opciones del navegador instalado en su ordenador.<span class=\"Apple-converted-space\">\u00a0 <\/span>Te acercamos algunos tutoriales y soporte sobre c\u00f3mo eliminar las cookies:<\/span><\/li>\n<\/ol>\n<\/li>\n<\/ol>\n<ul class=\"ul1\">\n<li class=\"li1\"><b><\/b><span class=\"s1\">Firefox desde aqu\u00ed: http:\/\/support.mozilla.org\/es\/products\/firefox\/cookies<\/span><\/li>\n<li class=\"li1\"><b><\/b><span class=\"s1\">Chrome desde aqu\u00ed: http:\/\/support.google.com\/chrome\/bin\/answer.py?hl=es&amp;answer=95647<\/span><\/li>\n<li class=\"li1\"><b><\/b><span class=\"s1\">Explorer desde aqu\u00ed: http:\/\/windows.microsoft.com\/es-es\/windows7\/how-to-manage-cookies-in-internet-explorer-9<\/span><\/li>\n<li class=\"li1\"><b><\/b><span class=\"s1\">Safari desde aqu\u00ed: http:\/\/support.apple.com\/kb\/ph5042<\/span><\/li>\n<li class=\"li6\"><b><\/b><span class=\"s3\">Opera desde aqu\u00ed: <a href=\"http:\/\/help.opera.com\/Windows\/11.50\/es-ES\/cookies.html\"><span class=\"s4\">http:\/\/help.opera.com\/Windows\/11.50\/es-ES\/cookies.html<\/span><\/a><\/span><\/li>\n<li class=\"li1\"><b><\/b><span class=\"s5\">\uf0e0<\/span><span class=\"s1\"> <b>A\u00fan as\u00ed, te agradecemos la visita a nuestra pol\u00edtica de cookies y esperamos volver a verte pronto!<\/b><\/span><\/li>\n<\/ul>\n","protected":false},"excerpt":{"rendered":"<p>Colegiobrains.com normalmente requiere el uso habilitado de cookies para el correcto funcionamiento de determinados servicios a la hora de mostrar a los usuarios los contenidos de las diferentes p\u00e1ginas de navegaci\u00f3n web.<\/p>\n","protected":false},"author":8,"featured_media":0,"parent":0,"menu_order":3,"comment_status":"closed","ping_status":"closed","template":"","meta":[],"acf":[],"yoast_head":"<!-- This site is optimized with the Yoast SEO plugin v19.10 - https:\/\/yoast.com\/wordpress\/plugins\/seo\/ -->\n<title>Cookie Policy and Managament - Brains International Schools<\/title>\n<meta name=\"robots\" content=\"index, follow, max-snippet:-1, max-image-preview:large, max-video-preview:-1\" \/>\n<link rel=\"canonical\" href=\"https:\/\/www.colegiobrains.com\/en\/cookie-policy-and-management\/\" \/>\n<meta property=\"og:locale\" content=\"en_US\" \/>\n<meta property=\"og:type\" content=\"article\" \/>\n<meta property=\"og:title\" content=\"Cookie Policy and Managament - Brains International Schools\" \/>\n<meta property=\"og:description\" content=\"Colegiobrains.com normalmente requiere el uso habilitado de cookies para el correcto funcionamiento de determinados servicios a la hora de mostrar a los usuarios los contenidos de las diferentes p\u00e1ginas de navegaci\u00f3n web.\" \/>\n<meta property=\"og:url\" content=\"https:\/\/www.colegiobrains.com\/en\/cookie-policy-and-management\/\" \/>\n<meta property=\"og:site_name\" content=\"Brains International Schools\" \/>\n<meta property=\"article:publisher\" content=\"https:\/\/www.facebook.com\/BrainsInternationalSchool\/\" \/>\n<meta property=\"article:modified_time\" content=\"2022-11-29T12:45:41+00:00\" \/>\n<meta name=\"twitter:card\" content=\"summary_large_image\" \/>\n<meta name=\"twitter:site\" content=\"@colegio_brains\" \/>\n<meta name=\"twitter:label1\" content=\"Est. reading time\" \/>\n\t<meta name=\"twitter:data1\" content=\"3 minutes\" \/>\n<script type=\"application\/ld+json\" class=\"yoast-schema-graph\">{\"@context\":\"https:\/\/schema.org\",\"@graph\":[{\"@type\":\"WebPage\",\"@id\":\"https:\/\/www.colegiobrains.com\/en\/cookie-policy-and-management\/\",\"url\":\"https:\/\/www.colegiobrains.com\/en\/cookie-policy-and-management\/\",\"name\":\"Cookie Policy and Managament - Brains International Schools\",\"isPartOf\":{\"@id\":\"https:\/\/www.colegiobrains.com\/en\/#website\"},\"datePublished\":\"2019-04-10T07:55:46+00:00\",\"dateModified\":\"2022-11-29T12:45:41+00:00\",\"breadcrumb\":{\"@id\":\"https:\/\/www.colegiobrains.com\/en\/cookie-policy-and-management\/#breadcrumb\"},\"inLanguage\":\"en-US\",\"potentialAction\":[{\"@type\":\"ReadAction\",\"target\":[\"https:\/\/www.colegiobrains.com\/en\/cookie-policy-and-management\/\"]}]},{\"@type\":\"BreadcrumbList\",\"@id\":\"https:\/\/www.colegiobrains.com\/en\/cookie-policy-and-management\/#breadcrumb\",\"itemListElement\":[{\"@type\":\"ListItem\",\"position\":1,\"name\":\"Portada\",\"item\":\"https:\/\/www.colegiobrains.com\/en\/\"},{\"@type\":\"ListItem\",\"position\":2,\"name\":\"Cookie Policy and Managament\"}]},{\"@type\":\"WebSite\",\"@id\":\"https:\/\/www.colegiobrains.com\/en\/#website\",\"url\":\"https:\/\/www.colegiobrains.com\/en\/\",\"name\":\"Brains International Schools\",\"description\":\"Colegios internacionales en Madrid y Las Palmas.\",\"potentialAction\":[{\"@type\":\"SearchAction\",\"target\":{\"@type\":\"EntryPoint\",\"urlTemplate\":\"https:\/\/www.colegiobrains.com\/en\/?s={search_term_string}\"},\"query-input\":\"required name=search_term_string\"}],\"inLanguage\":\"en-US\"}]}<\/script>\n<!-- \/ Yoast SEO plugin. -->","yoast_head_json":{"title":"Cookie Policy and Managament - Brains International Schools","robots":{"index":"index","follow":"follow","max-snippet":"max-snippet:-1","max-image-preview":"max-image-preview:large","max-video-preview":"max-video-preview:-1"},"canonical":"https:\/\/www.colegiobrains.com\/en\/cookie-policy-and-management\/","og_locale":"en_US","og_type":"article","og_title":"Cookie Policy and Managament - Brains International Schools","og_description":"Colegiobrains.com normalmente requiere el uso habilitado de cookies para el correcto funcionamiento de determinados servicios a la hora de mostrar a los usuarios los contenidos de las diferentes p\u00e1ginas de navegaci\u00f3n web.","og_url":"https:\/\/www.colegiobrains.com\/en\/cookie-policy-and-management\/","og_site_name":"Brains International Schools","article_publisher":"https:\/\/www.facebook.com\/BrainsInternationalSchool\/","article_modified_time":"2022-11-29T12:45:41+00:00","twitter_card":"summary_large_image","twitter_site":"@colegio_brains","twitter_misc":{"Est. reading time":"3 minutes"},"schema":{"@context":"https:\/\/schema.org","@graph":[{"@type":"WebPage","@id":"https:\/\/www.colegiobrains.com\/en\/cookie-policy-and-management\/","url":"https:\/\/www.colegiobrains.com\/en\/cookie-policy-and-management\/","name":"Cookie Policy and Managament - Brains International Schools","isPartOf":{"@id":"https:\/\/www.colegiobrains.com\/en\/#website"},"datePublished":"2019-04-10T07:55:46+00:00","dateModified":"2022-11-29T12:45:41+00:00","breadcrumb":{"@id":"https:\/\/www.colegiobrains.com\/en\/cookie-policy-and-management\/#breadcrumb"},"inLanguage":"en-US","potentialAction":[{"@type":"ReadAction","target":["https:\/\/www.colegiobrains.com\/en\/cookie-policy-and-management\/"]}]},{"@type":"BreadcrumbList","@id":"https:\/\/www.colegiobrains.com\/en\/cookie-policy-and-management\/#breadcrumb","itemListElement":[{"@type":"ListItem","position":1,"name":"Portada","item":"https:\/\/www.colegiobrains.com\/en\/"},{"@type":"ListItem","position":2,"name":"Cookie Policy and Managament"}]},{"@type":"WebSite","@id":"https:\/\/www.colegiobrains.com\/en\/#website","url":"https:\/\/www.colegiobrains.com\/en\/","name":"Brains International Schools","description":"Colegios internacionales en Madrid y Las Palmas.","potentialAction":[{"@type":"SearchAction","target":{"@type":"EntryPoint","urlTemplate":"https:\/\/www.colegiobrains.com\/en\/?s={search_term_string}"},"query-input":"required name=search_term_string"}],"inLanguage":"en-US"}]}},"_links":{"self":[{"href":"https:\/\/www.colegiobrains.com\/en\/wp-json\/wp\/v2\/pages\/10950"}],"collection":[{"href":"https:\/\/www.colegiobrains.com\/en\/wp-json\/wp\/v2\/pages"}],"about":[{"href":"https:\/\/www.colegiobrains.com\/en\/wp-json\/wp\/v2\/types\/page"}],"author":[{"embeddable":true,"href":"https:\/\/www.colegiobrains.com\/en\/wp-json\/wp\/v2\/users\/8"}],"replies":[{"embeddable":true,"href":"https:\/\/www.colegiobrains.com\/en\/wp-json\/wp\/v2\/comments?post=10950"}],"version-history":[{"count":0,"href":"https:\/\/www.colegiobrains.com\/en\/wp-json\/wp\/v2\/pages\/10950\/revisions"}],"wp:attachment":[{"href":"https:\/\/www.colegiobrains.com\/en\/wp-json\/wp\/v2\/media?parent=10950"}],"curies":[{"name":"wp","href":"https:\/\/api.w.org\/{rel}","templated":true}]}}